{"id":127,"date":"2026-02-23T12:28:31","date_gmt":"2026-02-23T12:28:31","guid":{"rendered":"https:\/\/avocat-zamfir.ro\/?page_id=127"},"modified":"2026-03-10T17:27:38","modified_gmt":"2026-03-10T17:27:38","slug":"drept-civil","status":"publish","type":"page","link":"https:\/\/avocat-zamfir.ro\/en\/drept-civil\/","title":{"rendered":"Civil Law"},"content":{"rendered":"<div data-elementor-type=\"wp-page\" data-elementor-id=\"127\" class=\"elementor elementor-127\" data-elementor-post-type=\"page\">\n\t\t\t\t<div class=\"elementor-element elementor-element-0791923 e-flex e-con-boxed e-con e-parent\" data-id=\"0791923\" data-element_type=\"container\" data-e-type=\"container\" data-settings=\"{&quot;background_background&quot;:&quot;classic&quot;}\">\n\t\t\t\t\t<div class=\"e-con-inner\">\n\t\t\t\t\t<\/div>\n\t\t\t\t<\/div>\n\t\t<div class=\"elementor-element elementor-element-54534d3 e-flex e-con-boxed e-con e-parent\" data-id=\"54534d3\" data-element_type=\"container\" data-e-type=\"container\">\n\t\t\t\t\t<div class=\"e-con-inner\">\n\t\t<div class=\"elementor-element elementor-element-d493e74 e-con-full e-flex e-con e-child\" data-id=\"d493e74\" data-element_type=\"container\" data-e-type=\"container\">\n\t\t\t\t<div class=\"elementor-element elementor-element-626f018 elementor-widget elementor-widget-image\" data-id=\"626f018\" data-element_type=\"widget\" data-e-type=\"widget\" data-widget_type=\"image.default\">\n\t\t\t\t\t\t\t\t\t\t\t\t\t\t\t<img decoding=\"async\" width=\"157\" height=\"157\" src=\"https:\/\/avocat-zamfir.ro\/wp-content\/uploads\/2026\/02\/Icon-Civil-1.png\" class=\"attachment-large size-large wp-image-129\" alt=\"\" srcset=\"https:\/\/avocat-zamfir.ro\/wp-content\/uploads\/2026\/02\/Icon-Civil-1.png 157w, https:\/\/avocat-zamfir.ro\/wp-content\/uploads\/2026\/02\/Icon-Civil-1-150x150.png 150w\" sizes=\"(max-width: 157px) 100vw, 157px\" \/>\t\t\t\t\t\t\t\t\t\t\t\t\t\t\t<\/div>\n\t\t\t\t<\/div>\n\t\t<div class=\"elementor-element elementor-element-32adf4e e-con-full e-flex e-con e-child\" data-id=\"32adf4e\" data-element_type=\"container\" data-e-type=\"container\">\n\t\t\t\t<div class=\"elementor-element elementor-element-5f51cb0 elementor-widget elementor-widget-heading\" data-id=\"5f51cb0\" data-element_type=\"widget\" data-e-type=\"widget\" data-widget_type=\"heading.default\">\n\t\t\t\t\t<h1 class=\"elementor-heading-title elementor-size-default\">AREAS OF PRACTICE<\/h1>\t\t\t\t<\/div>\n\t\t\t\t<div class=\"elementor-element elementor-element-eb3ad78 elementor-widget-divider--view-line elementor-widget elementor-widget-divider\" data-id=\"eb3ad78\" data-element_type=\"widget\" data-e-type=\"widget\" data-widget_type=\"divider.default\">\n\t\t\t\t\t\t\t<div class=\"elementor-divider\">\n\t\t\t<span class=\"elementor-divider-separator\">\n\t\t\t\t\t\t<\/span>\n\t\t<\/div>\n\t\t\t\t\t\t<\/div>\n\t\t\t\t<div class=\"elementor-element elementor-element-519a086 elementor-widget elementor-widget-heading\" data-id=\"519a086\" data-element_type=\"widget\" data-e-type=\"widget\" data-widget_type=\"heading.default\">\n\t\t\t\t\t<h2 class=\"elementor-heading-title elementor-size-default\">CIVIL LAW<\/h2>\t\t\t\t<\/div>\n\t\t\t\t<\/div>\n\t\t\t\t\t<\/div>\n\t\t\t\t<\/div>\n\t\t<div class=\"elementor-element elementor-element-bc46624 e-flex e-con-boxed e-con e-parent\" data-id=\"bc46624\" data-element_type=\"container\" data-e-type=\"container\">\n\t\t\t\t\t<div class=\"e-con-inner\">\n\t\t\t\t<div class=\"elementor-element elementor-element-9000953 elementor-widget__width-initial elementor-widget-mobile__width-inherit elementor-widget elementor-widget-text-editor\" data-id=\"9000953\" data-element_type=\"widget\" data-e-type=\"widget\" data-widget_type=\"text-editor.default\">\n\t\t\t\t\t\t\t\t\t<p>In the field of civil law, we provide you with our legal expertise for the drafting, conclusion, execution, termination, resolution or cancellation of civil legal acts. At the same time, we offer you support through consultancy, assistance and representation before the courts of law, notaries public and court executions in order to achieve the desired result.<\/p>\t\t\t\t\t\t\t\t<\/div>\n\t\t\t\t<div class=\"elementor-element elementor-element-cf712bd elementor-hidden-tablet elementor-hidden-mobile elementor-widget elementor-widget-spacer\" data-id=\"cf712bd\" data-element_type=\"widget\" data-e-type=\"widget\" data-widget_type=\"spacer.default\">\n\t\t\t\t\t\t\t<div class=\"elementor-spacer\">\n\t\t\t<div class=\"elementor-spacer-inner\"><\/div>\n\t\t<\/div>\n\t\t\t\t\t\t<\/div>\n\t\t\t\t<div class=\"elementor-element elementor-element-80fecbe elementor-widget-divider--view-line elementor-widget elementor-widget-divider\" data-id=\"80fecbe\" data-element_type=\"widget\" data-e-type=\"widget\" data-widget_type=\"divider.default\">\n\t\t\t\t\t\t\t<div class=\"elementor-divider\">\n\t\t\t<span class=\"elementor-divider-separator\">\n\t\t\t\t\t\t<\/span>\n\t\t<\/div>\n\t\t\t\t\t\t<\/div>\n\t\t\t\t<div class=\"elementor-element elementor-element-736ec39 elementor-hidden-tablet elementor-hidden-mobile elementor-widget elementor-widget-spacer\" data-id=\"736ec39\" data-element_type=\"widget\" data-e-type=\"widget\" data-widget_type=\"spacer.default\">\n\t\t\t\t\t\t\t<div class=\"elementor-spacer\">\n\t\t\t<div class=\"elementor-spacer-inner\"><\/div>\n\t\t<\/div>\n\t\t\t\t\t\t<\/div>\n\t\t\t\t<div class=\"elementor-element elementor-element-bef687e elementor-widget elementor-widget-heading\" data-id=\"bef687e\" data-element_type=\"widget\" data-e-type=\"widget\" data-widget_type=\"heading.default\">\n\t\t\t\t\t<h3 class=\"elementor-heading-title elementor-size-default\">SERVICES:<\/h3>\t\t\t\t<\/div>\n\t\t\t\t<div class=\"elementor-element elementor-element-327e2e1 elementor-widget__width-initial elementor-widget-mobile__width-inherit elementor-widget elementor-widget-text-editor\" data-id=\"327e2e1\" data-element_type=\"widget\" data-e-type=\"widget\" data-widget_type=\"text-editor.default\">\n\t\t\t\t\t\t\t\t\t<div>\u2022 Assistance before notaries public in order to analyze and negotiate contracts of sale-purchase, exchange, lease, contract for a work, transaction, mortgage, partition, loan, assignment of rights, maintenance, payment in kind, life annuity;<\/div>\n<div>\u2022 Assistance before notaries to open and debate the succession proceedings;<\/div>\n<div>\u2022 Consultancy in real estate law;<\/div>\n<div>\u2022 Drafting introductory court actions, statements of defence, written notes, formulating appeals, and presenting them to the courts in cases concerning:<\/div>\n<div style=\"padding-left: 40px;\">\u2013  Actions for annulment of legal acts\/contracts;<\/div>\n<div style=\"padding-left: 40px;\">\u2013  Contractual civil liability\/tort liability;<\/div>\n<div style=\"padding-left: 40px;\">\u2013  Guardianship;<\/div>\n<div style=\"padding-left: 40px;\">\u2013  Partition;<\/div>\n<div style=\"padding-left: 40px;\">\u2013  Succession;&nbsp;<\/div>\n<div style=\"padding-left: 40px;\">\u2013  Evacuation from illegally used or occupied properties;<\/div>\n<div style=\"padding-left: 40px;\">\u2013  Forced execution.<\/div>\t\t\t\t\t\t\t\t<\/div>\n\t\t\t\t<div class=\"elementor-element elementor-element-9e5af60 elementor-widget elementor-widget-spacer\" data-id=\"9e5af60\" data-element_type=\"widget\" data-e-type=\"widget\" data-widget_type=\"spacer.default\">\n\t\t\t\t\t\t\t<div class=\"elementor-spacer\">\n\t\t\t<div class=\"elementor-spacer-inner\"><\/div>\n\t\t<\/div>\n\t\t\t\t\t\t<\/div>\n\t\t\t\t<div class=\"elementor-element elementor-element-fc7e914 elementor-invisible elementor-widget elementor-widget-button\" data-id=\"fc7e914\" data-element_type=\"widget\" data-e-type=\"widget\" data-settings=\"{&quot;_animation&quot;:&quot;fadeIn&quot;,&quot;_animation_delay&quot;:1000}\" data-widget_type=\"button.default\">\n\t\t\t\t\t\t\t\t\t\t<a class=\"elementor-button elementor-button-link elementor-size-sm\" href=\"https:\/\/avocat-zamfir.ro\/en\/contact\/\">\n\t\t\t\t\t\t<span class=\"elementor-button-content-wrapper\">\n\t\t\t\t\t\t\t\t\t<span class=\"elementor-button-text\">Schedule an appointment<\/span>\n\t\t\t\t\t<\/span>\n\t\t\t\t\t<\/a>\n\t\t\t\t\t\t\t\t<\/div>\n\t\t\t\t\t<\/div>\n\t\t\t\t<\/div>\n\t\t<div class=\"elementor-element elementor-element-69e3293 e-flex e-con-boxed e-con e-parent\" data-id=\"69e3293\" data-element_type=\"container\" data-e-type=\"container\" data-settings=\"{&quot;background_background&quot;:&quot;gradient&quot;}\">\n\t\t\t\t\t<div class=\"e-con-inner\">\n\t\t<div class=\"elementor-element elementor-element-01b9c69 e-con-full e-flex e-con e-child\" data-id=\"01b9c69\" data-element_type=\"container\" data-e-type=\"container\">\n\t\t\t\t<div class=\"elementor-element elementor-element-73a1331 elementor-widget elementor-widget-heading\" data-id=\"73a1331\" data-element_type=\"widget\" data-e-type=\"widget\" data-widget_type=\"heading.default\">\n\t\t\t\t\t<h3 class=\"elementor-heading-title elementor-size-default\">Contact<\/h3>\t\t\t\t<\/div>\n\t\t\t\t<div class=\"elementor-element elementor-element-85cc93c elementor-widget-divider--view-line elementor-widget elementor-widget-divider\" data-id=\"85cc93c\" data-element_type=\"widget\" data-e-type=\"widget\" data-widget_type=\"divider.default\">\n\t\t\t\t\t\t\t<div class=\"elementor-divider\">\n\t\t\t<span class=\"elementor-divider-separator\">\n\t\t\t\t\t\t<\/span>\n\t\t<\/div>\n\t\t\t\t\t\t<\/div>\n\t\t\t\t<\/div>\n\t\t<div class=\"elementor-element elementor-element-13e1140 e-con-full e-flex e-con e-child\" data-id=\"13e1140\" data-element_type=\"container\" data-e-type=\"container\">\n\t\t<div class=\"elementor-element elementor-element-dc3b9f8 e-con-full e-flex e-con e-child\" data-id=\"dc3b9f8\" data-element_type=\"container\" data-e-type=\"container\">\n\t\t\t\t<div class=\"elementor-element elementor-element-be4b54d elementor-widget elementor-widget-google_maps\" data-id=\"be4b54d\" data-element_type=\"widget\" data-e-type=\"widget\" data-widget_type=\"google_maps.default\">\n\t\t\t\t\t\t\t<div class=\"elementor-custom-embed\">\n\t\t\t<iframe loading=\"lazy\"\n\t\t\t\t\tsrc=\"https:\/\/maps.google.com\/maps?q=Blv.%20Corneliu%20Coposu%2C%20Nr.3%2C%20Bl.101&#038;t=m&#038;z=15&#038;output=embed&#038;iwloc=near\"\n\t\t\t\t\ttitle=\"Blv. Corneliu Coposu, Nr.3, Bl.101\"\n\t\t\t\t\taria-label=\"Blv. Corneliu Coposu, Nr.3, Bl.101\"\n\t\t\t><\/iframe>\n\t\t<\/div>\n\t\t\t\t\t\t<\/div>\n\t\t\t\t<\/div>\n\t\t<div class=\"elementor-element elementor-element-b1d863b e-con-full e-flex e-con e-child\" data-id=\"b1d863b\" data-element_type=\"container\" data-e-type=\"container\">\n\t\t\t\t<div class=\"elementor-element elementor-element-fb379a3 elementor-widget elementor-widget-text-editor\" data-id=\"fb379a3\" data-element_type=\"widget\" data-e-type=\"widget\" data-widget_type=\"text-editor.default\">\n\t\t\t\t\t\t\t\t\t<p><strong>Address<\/strong>: Bd.-ul Corneliu Coposu, Nr.3, Bl.101, Sc. 3, Et.7, Ap.60, Bucure\u0219ti<\/p>\t\t\t\t\t\t\t\t<\/div>\n\t\t\t\t<div class=\"elementor-element elementor-element-979a8f6 elementor-widget elementor-widget-text-editor\" data-id=\"979a8f6\" data-element_type=\"widget\" data-e-type=\"widget\" data-widget_type=\"text-editor.default\">\n\t\t\t\t\t\t\t\t\t<p><strong>Tel<\/strong>: <a href=\"tel:+40746060891\">+40 746 060 891<\/a><br \/><strong>E-mail<\/strong>: <a href=\"mailto:av.zamfirsebastian@gmail.com\">av.zamfirsebastian@gmail.com<\/a><\/p>\t\t\t\t\t\t\t\t<\/div>\n\t\t\t\t<div class=\"elementor-element elementor-element-965d35e elementor-widget elementor-widget-text-editor\" data-id=\"965d35e\" data-element_type=\"widget\" data-e-type=\"widget\" data-widget_type=\"text-editor.default\">\n\t\t\t\t\t\t\t\t\t<p><strong>Working hours<\/strong>: Monday \u2013 Friday: 9:00 \u2013 18:00<br \/><strong>Emergency Schedule<\/strong>: Non-Stop<\/p>\t\t\t\t\t\t\t\t<\/div>\n\t\t\t\t<div class=\"elementor-element elementor-element-bcfb106 elementor-widget elementor-widget-button\" data-id=\"bcfb106\" data-element_type=\"widget\" data-e-type=\"widget\" data-widget_type=\"button.default\">\n\t\t\t\t\t\t\t\t\t\t<a class=\"elementor-button elementor-button-link elementor-size-sm\" href=\"https:\/\/maps.app.goo.gl\/kCiZYypt3fTFpvFy6\" target=\"_blank\" rel=\"noopener\">\n\t\t\t\t\t\t<span class=\"elementor-button-content-wrapper\">\n\t\t\t\t\t\t\t\t\t<span class=\"elementor-button-text\">OB\u021aINE INDICA\u021aII NAVIGARE<\/span>\n\t\t\t\t\t<\/span>\n\t\t\t\t\t<\/a>\n\t\t\t\t\t\t\t\t<\/div>\n\t\t\t\t<\/div>\n\t\t\t\t<\/div>\n\t\t\t\t\t<\/div>\n\t\t\t\t<\/div>\n\t\t\t\t<\/div>","protected":false},"excerpt":{"rendered":"<p>Arii de practic\u0103 Drept civil \u00cen materia dreptului civil v\u0103 punem la dispozi\u021bie expertiza noastr\u0103 juridic\u0103 \u00een vederea redact\u0103rii, \u00eencheierii, execut\u0103rii, \u00eencet\u0103rii, rezolu\u021biunii ori rezilierii actelor juridice civile. Totodat\u0103, v\u0103 suntem al\u0103turi prin consultan\u021b\u0103, asistare \u0219i reprezentare \u00een fa\u021ba instan\u021belor de judecat\u0103, notarilor publici \u0219i a execut\u0103rilor judec\u0103tore\u0219ti pentru a ob\u021bine rezultatul dorit. Servicii: \u2022 [&hellip;]<\/p>\n","protected":false},"author":1,"featured_media":0,"parent":0,"menu_order":0,"comment_status":"closed","ping_status":"closed","template":"","meta":{"footnotes":""},"class_list":["post-127","page","type-page","status-publish","hentry"],"blocksy_meta":[],"_links":{"self":[{"href":"https:\/\/avocat-zamfir.ro\/en\/wp-json\/wp\/v2\/pages\/127","targetHints":{"allow":["GET"]}}],"collection":[{"href":"https:\/\/avocat-zamfir.ro\/en\/wp-json\/wp\/v2\/pages"}],"about":[{"href":"https:\/\/avocat-zamfir.ro\/en\/wp-json\/wp\/v2\/types\/page"}],"author":[{"embeddable":true,"href":"https:\/\/avocat-zamfir.ro\/en\/wp-json\/wp\/v2\/users\/1"}],"replies":[{"embeddable":true,"href":"https:\/\/avocat-zamfir.ro\/en\/wp-json\/wp\/v2\/comments?post=127"}],"version-history":[{"count":74,"href":"https:\/\/avocat-zamfir.ro\/en\/wp-json\/wp\/v2\/pages\/127\/revisions"}],"predecessor-version":[{"id":542,"href":"https:\/\/avocat-zamfir.ro\/en\/wp-json\/wp\/v2\/pages\/127\/revisions\/542"}],"wp:attachment":[{"href":"https:\/\/avocat-zamfir.ro\/en\/wp-json\/wp\/v2\/media?parent=127"}],"curies":[{"name":"wp","href":"https:\/\/api.w.org\/{rel}","templated":true}]}}