{"id":188,"date":"2026-02-25T05:58:10","date_gmt":"2026-02-25T05:58:10","guid":{"rendered":"https:\/\/avocat-zamfir.ro\/?page_id=188"},"modified":"2026-03-10T17:16:59","modified_gmt":"2026-03-10T17:16:59","slug":"drept-comercial","status":"publish","type":"page","link":"https:\/\/avocat-zamfir.ro\/en\/drept-comercial\/","title":{"rendered":"Commercial Law"},"content":{"rendered":"<div data-elementor-type=\"wp-page\" data-elementor-id=\"188\" class=\"elementor elementor-188\" data-elementor-post-type=\"page\">\n\t\t\t\t<div class=\"elementor-element elementor-element-0791923 e-flex e-con-boxed e-con e-parent\" data-id=\"0791923\" data-element_type=\"container\" data-e-type=\"container\" data-settings=\"{&quot;background_background&quot;:&quot;classic&quot;}\">\n\t\t\t\t\t<div class=\"e-con-inner\">\n\t\t\t\t\t<\/div>\n\t\t\t\t<\/div>\n\t\t<div class=\"elementor-element elementor-element-54534d3 e-flex e-con-boxed e-con e-parent\" data-id=\"54534d3\" data-element_type=\"container\" data-e-type=\"container\">\n\t\t\t\t\t<div class=\"e-con-inner\">\n\t\t<div class=\"elementor-element elementor-element-d493e74 e-con-full e-flex e-con e-child\" data-id=\"d493e74\" data-element_type=\"container\" data-e-type=\"container\">\n\t\t\t\t<div class=\"elementor-element elementor-element-626f018 elementor-widget elementor-widget-image\" data-id=\"626f018\" data-element_type=\"widget\" data-e-type=\"widget\" data-widget_type=\"image.default\">\n\t\t\t\t\t\t\t\t\t\t\t\t\t\t\t<img decoding=\"async\" width=\"213\" height=\"143\" src=\"https:\/\/avocat-zamfir.ro\/wp-content\/uploads\/2026\/02\/Icon-Comercial-1.png\" class=\"attachment-large size-large wp-image-198\" alt=\"\" \/>\t\t\t\t\t\t\t\t\t\t\t\t\t\t\t<\/div>\n\t\t\t\t<\/div>\n\t\t<div class=\"elementor-element elementor-element-32adf4e e-con-full e-flex e-con e-child\" data-id=\"32adf4e\" data-element_type=\"container\" data-e-type=\"container\">\n\t\t\t\t<div class=\"elementor-element elementor-element-5f51cb0 elementor-widget elementor-widget-heading\" data-id=\"5f51cb0\" data-element_type=\"widget\" data-e-type=\"widget\" data-widget_type=\"heading.default\">\n\t\t\t\t\t<h1 class=\"elementor-heading-title elementor-size-default\">AREAS OF PRACTICE<\/h1>\t\t\t\t<\/div>\n\t\t\t\t<div class=\"elementor-element elementor-element-eb3ad78 elementor-widget-divider--view-line elementor-widget elementor-widget-divider\" data-id=\"eb3ad78\" data-element_type=\"widget\" data-e-type=\"widget\" data-widget_type=\"divider.default\">\n\t\t\t\t\t\t\t<div class=\"elementor-divider\">\n\t\t\t<span class=\"elementor-divider-separator\">\n\t\t\t\t\t\t<\/span>\n\t\t<\/div>\n\t\t\t\t\t\t<\/div>\n\t\t\t\t<div class=\"elementor-element elementor-element-519a086 elementor-widget elementor-widget-heading\" data-id=\"519a086\" data-element_type=\"widget\" data-e-type=\"widget\" data-widget_type=\"heading.default\">\n\t\t\t\t\t<h2 class=\"elementor-heading-title elementor-size-default\">Commercial Law<\/h2>\t\t\t\t<\/div>\n\t\t\t\t<\/div>\n\t\t\t\t\t<\/div>\n\t\t\t\t<\/div>\n\t\t<div class=\"elementor-element elementor-element-bc46624 e-flex e-con-boxed e-con e-parent\" data-id=\"bc46624\" data-element_type=\"container\" data-e-type=\"container\">\n\t\t\t\t\t<div class=\"e-con-inner\">\n\t\t\t\t<div class=\"elementor-element elementor-element-9000953 elementor-widget__width-initial elementor-widget-mobile__width-inherit elementor-widget elementor-widget-text-editor\" data-id=\"9000953\" data-element_type=\"widget\" data-e-type=\"widget\" data-widget_type=\"text-editor.default\">\n\t\t\t\t\t\t\t\t\t<p>Our role in your business is to provide legal support in order to anticipate and avoid any legal problems, but also to seek solutions to existing problems.<\/p>\t\t\t\t\t\t\t\t<\/div>\n\t\t\t\t<div class=\"elementor-element elementor-element-3bf49b5 elementor-hidden-tablet elementor-hidden-mobile elementor-widget elementor-widget-spacer\" data-id=\"3bf49b5\" data-element_type=\"widget\" data-e-type=\"widget\" data-widget_type=\"spacer.default\">\n\t\t\t\t\t\t\t<div class=\"elementor-spacer\">\n\t\t\t<div class=\"elementor-spacer-inner\"><\/div>\n\t\t<\/div>\n\t\t\t\t\t\t<\/div>\n\t\t\t\t<div class=\"elementor-element elementor-element-80fecbe elementor-widget-divider--view-line elementor-widget elementor-widget-divider\" data-id=\"80fecbe\" data-element_type=\"widget\" data-e-type=\"widget\" data-widget_type=\"divider.default\">\n\t\t\t\t\t\t\t<div class=\"elementor-divider\">\n\t\t\t<span class=\"elementor-divider-separator\">\n\t\t\t\t\t\t<\/span>\n\t\t<\/div>\n\t\t\t\t\t\t<\/div>\n\t\t\t\t<div class=\"elementor-element elementor-element-2ebb3a3 elementor-hidden-tablet elementor-hidden-mobile elementor-widget elementor-widget-spacer\" data-id=\"2ebb3a3\" data-element_type=\"widget\" data-e-type=\"widget\" data-widget_type=\"spacer.default\">\n\t\t\t\t\t\t\t<div class=\"elementor-spacer\">\n\t\t\t<div class=\"elementor-spacer-inner\"><\/div>\n\t\t<\/div>\n\t\t\t\t\t\t<\/div>\n\t\t\t\t<div class=\"elementor-element elementor-element-bef687e elementor-widget elementor-widget-heading\" data-id=\"bef687e\" data-element_type=\"widget\" data-e-type=\"widget\" data-widget_type=\"heading.default\">\n\t\t\t\t\t<h3 class=\"elementor-heading-title elementor-size-default\">WE OFFER SUPPORT THROUGH:<\/h3>\t\t\t\t<\/div>\n\t\t\t\t<div class=\"elementor-element elementor-element-327e2e1 elementor-widget__width-initial elementor-widget-mobile__width-inherit elementor-widget elementor-widget-text-editor\" data-id=\"327e2e1\" data-element_type=\"widget\" data-e-type=\"widget\" data-widget_type=\"text-editor.default\">\n\t\t\t\t\t\t\t\t\t<ul><li>Legal advice tailored to your needs and oriented to your business profile;<\/li><li>Establishment, registration, and modification of commercial companies;<\/li><li>Increase or decrease of share capital;<\/li><li>Analysis and negotiation of contracts;<\/li><li>Corporate governance (appointment or revocation of directors, agreements between shareholders, appeal of decisions of the GMS);<\/li><li>Reorganization and restructuring of the company through merger, division, transformation;<\/li><li>Dissolution of the company.<\/li><\/ul>\t\t\t\t\t\t\t\t<\/div>\n\t\t\t\t<div class=\"elementor-element elementor-element-bd1e78a elementor-widget-divider--view-line elementor-widget elementor-widget-divider\" data-id=\"bd1e78a\" data-element_type=\"widget\" data-e-type=\"widget\" data-widget_type=\"divider.default\">\n\t\t\t\t\t\t\t<div class=\"elementor-divider\">\n\t\t\t<span class=\"elementor-divider-separator\">\n\t\t\t\t\t\t<\/span>\n\t\t<\/div>\n\t\t\t\t\t\t<\/div>\n\t\t\t\t<div class=\"elementor-element elementor-element-aaccc22 elementor-widget__width-initial elementor-widget-mobile__width-inherit elementor-widget elementor-widget-text-editor\" data-id=\"aaccc22\" data-element_type=\"widget\" data-e-type=\"widget\" data-widget_type=\"text-editor.default\">\n\t\t\t\t\t\t\t\t\t<p>We know that your business constantly needs the attention of a legal specialist in order to develop and protect your business. We can support you through legal advice and assistance so that you can make informed strategic decisions, manage risks effectively and ensure the legal stability necessary for a successful business. For companies that need constant support, we also offer flexible collaboration solutions, including on a subscription basis.<\/p>\n<p>Subscriptions are customized according to the needs of your business, which is why the terms, conditions and its value are agreed upon, after a prior discussion in which we will approach the expectations, problems and the long-term plan for the development of your business.<\/p>\t\t\t\t\t\t\t\t<\/div>\n\t\t\t\t<div class=\"elementor-element elementor-element-9e5af60 elementor-widget elementor-widget-spacer\" data-id=\"9e5af60\" data-element_type=\"widget\" data-e-type=\"widget\" data-widget_type=\"spacer.default\">\n\t\t\t\t\t\t\t<div class=\"elementor-spacer\">\n\t\t\t<div class=\"elementor-spacer-inner\"><\/div>\n\t\t<\/div>\n\t\t\t\t\t\t<\/div>\n\t\t\t\t<div class=\"elementor-element elementor-element-fc7e914 elementor-invisible elementor-widget elementor-widget-button\" data-id=\"fc7e914\" data-element_type=\"widget\" data-e-type=\"widget\" data-settings=\"{&quot;_animation&quot;:&quot;fadeIn&quot;,&quot;_animation_delay&quot;:1000}\" data-widget_type=\"button.default\">\n\t\t\t\t\t\t\t\t\t\t<a class=\"elementor-button elementor-button-link elementor-size-sm\" href=\"https:\/\/avocat-zamfir.ro\/en\/contact\/\">\n\t\t\t\t\t\t<span class=\"elementor-button-content-wrapper\">\n\t\t\t\t\t\t\t\t\t<span class=\"elementor-button-text\">Schedule an appointment<\/span>\n\t\t\t\t\t<\/span>\n\t\t\t\t\t<\/a>\n\t\t\t\t\t\t\t\t<\/div>\n\t\t\t\t\t<\/div>\n\t\t\t\t<\/div>\n\t\t<div class=\"elementor-element elementor-element-69e3293 e-flex e-con-boxed e-con e-parent\" data-id=\"69e3293\" data-element_type=\"container\" data-e-type=\"container\" data-settings=\"{&quot;background_background&quot;:&quot;gradient&quot;}\">\n\t\t\t\t\t<div class=\"e-con-inner\">\n\t\t<div class=\"elementor-element elementor-element-01b9c69 e-con-full e-flex e-con e-child\" data-id=\"01b9c69\" data-element_type=\"container\" data-e-type=\"container\">\n\t\t\t\t<div class=\"elementor-element elementor-element-73a1331 elementor-widget elementor-widget-heading\" data-id=\"73a1331\" data-element_type=\"widget\" data-e-type=\"widget\" data-widget_type=\"heading.default\">\n\t\t\t\t\t<h3 class=\"elementor-heading-title elementor-size-default\">Contact<\/h3>\t\t\t\t<\/div>\n\t\t\t\t<div class=\"elementor-element elementor-element-85cc93c elementor-widget-divider--view-line elementor-widget elementor-widget-divider\" data-id=\"85cc93c\" data-element_type=\"widget\" data-e-type=\"widget\" data-widget_type=\"divider.default\">\n\t\t\t\t\t\t\t<div class=\"elementor-divider\">\n\t\t\t<span class=\"elementor-divider-separator\">\n\t\t\t\t\t\t<\/span>\n\t\t<\/div>\n\t\t\t\t\t\t<\/div>\n\t\t\t\t<\/div>\n\t\t<div class=\"elementor-element elementor-element-13e1140 e-con-full e-flex e-con e-child\" data-id=\"13e1140\" data-element_type=\"container\" data-e-type=\"container\">\n\t\t<div class=\"elementor-element elementor-element-dc3b9f8 e-con-full e-flex e-con e-child\" data-id=\"dc3b9f8\" data-element_type=\"container\" data-e-type=\"container\">\n\t\t\t\t<div class=\"elementor-element elementor-element-be4b54d elementor-widget elementor-widget-google_maps\" data-id=\"be4b54d\" data-element_type=\"widget\" data-e-type=\"widget\" data-widget_type=\"google_maps.default\">\n\t\t\t\t\t\t\t<div class=\"elementor-custom-embed\">\n\t\t\t<iframe loading=\"lazy\"\n\t\t\t\t\tsrc=\"https:\/\/maps.google.com\/maps?q=Blv.%20Corneliu%20Coposu%2C%20Nr.3%2C%20Bl.101&#038;t=m&#038;z=15&#038;output=embed&#038;iwloc=near\"\n\t\t\t\t\ttitle=\"Blv. Corneliu Coposu, Nr.3, Bl.101\"\n\t\t\t\t\taria-label=\"Blv. Corneliu Coposu, Nr.3, Bl.101\"\n\t\t\t><\/iframe>\n\t\t<\/div>\n\t\t\t\t\t\t<\/div>\n\t\t\t\t<\/div>\n\t\t<div class=\"elementor-element elementor-element-b1d863b e-con-full e-flex e-con e-child\" data-id=\"b1d863b\" data-element_type=\"container\" data-e-type=\"container\">\n\t\t\t\t<div class=\"elementor-element elementor-element-fb379a3 elementor-widget elementor-widget-text-editor\" data-id=\"fb379a3\" data-element_type=\"widget\" data-e-type=\"widget\" data-widget_type=\"text-editor.default\">\n\t\t\t\t\t\t\t\t\t<p><strong>Address<\/strong>: Bd.-ul Corneliu Coposu, Nr.3, Bl.101, Sc. 3, Bucure\u0219ti<\/p>\t\t\t\t\t\t\t\t<\/div>\n\t\t\t\t<div class=\"elementor-element elementor-element-979a8f6 elementor-widget elementor-widget-text-editor\" data-id=\"979a8f6\" data-element_type=\"widget\" data-e-type=\"widget\" data-widget_type=\"text-editor.default\">\n\t\t\t\t\t\t\t\t\t<p><strong>Tel<\/strong>: <a href=\"tel:+40746060891\">+40 746 060 891<\/a><br \/><strong>E-mail<\/strong>: <a href=\"mailto:av.zamfirsebastian@gmail.com\">av.zamfirsebastian@gmail.com<\/a><\/p>\t\t\t\t\t\t\t\t<\/div>\n\t\t\t\t<div class=\"elementor-element elementor-element-965d35e elementor-widget elementor-widget-text-editor\" data-id=\"965d35e\" data-element_type=\"widget\" data-e-type=\"widget\" data-widget_type=\"text-editor.default\">\n\t\t\t\t\t\t\t\t\t<p><strong>Working hours<\/strong>: Monday \u2013 Friday: 9:00 \u2013 18:00<br \/><strong>Emergency Schedule<\/strong>: Non-Stop<\/p>\t\t\t\t\t\t\t\t<\/div>\n\t\t\t\t<div class=\"elementor-element elementor-element-bcfb106 elementor-widget elementor-widget-button\" data-id=\"bcfb106\" data-element_type=\"widget\" data-e-type=\"widget\" data-widget_type=\"button.default\">\n\t\t\t\t\t\t\t\t\t\t<a class=\"elementor-button elementor-button-link elementor-size-sm\" href=\"https:\/\/maps.app.goo.gl\/kCiZYypt3fTFpvFy6\" target=\"_blank\" rel=\"noopener\">\n\t\t\t\t\t\t<span class=\"elementor-button-content-wrapper\">\n\t\t\t\t\t\t\t\t\t<span class=\"elementor-button-text\">OB\u021aINE INDICA\u021aII NAVIGARE<\/span>\n\t\t\t\t\t<\/span>\n\t\t\t\t\t<\/a>\n\t\t\t\t\t\t\t\t<\/div>\n\t\t\t\t<\/div>\n\t\t\t\t<\/div>\n\t\t\t\t\t<\/div>\n\t\t\t\t<\/div>\n\t\t\t\t<\/div>","protected":false},"excerpt":{"rendered":"<p>Arii de practic\u0103 Drept Comercial Rolul nostru \u00een afacerea dvs. este de a oferi sprijinul legal \u00een vederea anticip\u0103rii \u0219i evit\u0103rii oric\u0103ror probleme de natur\u0103 juridic\u0103, dar \u0219i de a c\u0103uta solu\u021bii la problemele deja existente. V\u0103 suntem al\u0103turi prin: Consultan\u021b\u0103 juridic\u0103 adaptat\u0103 nevoilor dumneavoastr\u0103 \u0219i orientat\u0103 profilului de business; \u00cenfiin\u021barea, \u00eenregistrarea \u0219i modificarea societ\u0103\u021bilor [&hellip;]<\/p>\n","protected":false},"author":1,"featured_media":0,"parent":0,"menu_order":0,"comment_status":"closed","ping_status":"closed","template":"","meta":{"footnotes":""},"class_list":["post-188","page","type-page","status-publish","hentry"],"blocksy_meta":[],"_links":{"self":[{"href":"https:\/\/avocat-zamfir.ro\/en\/wp-json\/wp\/v2\/pages\/188","targetHints":{"allow":["GET"]}}],"collection":[{"href":"https:\/\/avocat-zamfir.ro\/en\/wp-json\/wp\/v2\/pages"}],"about":[{"href":"https:\/\/avocat-zamfir.ro\/en\/wp-json\/wp\/v2\/types\/page"}],"author":[{"embeddable":true,"href":"https:\/\/avocat-zamfir.ro\/en\/wp-json\/wp\/v2\/users\/1"}],"replies":[{"embeddable":true,"href":"https:\/\/avocat-zamfir.ro\/en\/wp-json\/wp\/v2\/comments?post=188"}],"version-history":[{"count":34,"href":"https:\/\/avocat-zamfir.ro\/en\/wp-json\/wp\/v2\/pages\/188\/revisions"}],"predecessor-version":[{"id":535,"href":"https:\/\/avocat-zamfir.ro\/en\/wp-json\/wp\/v2\/pages\/188\/revisions\/535"}],"wp:attachment":[{"href":"https:\/\/avocat-zamfir.ro\/en\/wp-json\/wp\/v2\/media?parent=188"}],"curies":[{"name":"wp","href":"https:\/\/api.w.org\/{rel}","templated":true}]}}