{"id":278,"date":"2026-03-01T10:52:50","date_gmt":"2026-03-01T10:52:50","guid":{"rendered":"https:\/\/avocat-zamfir.ro\/?page_id=278"},"modified":"2026-03-06T15:18:00","modified_gmt":"2026-03-06T15:18:00","slug":"despre-noi","status":"publish","type":"page","link":"https:\/\/avocat-zamfir.ro\/en\/despre-noi\/","title":{"rendered":"About us"},"content":{"rendered":"<div data-elementor-type=\"wp-page\" data-elementor-id=\"278\" class=\"elementor elementor-278\" data-elementor-post-type=\"page\">\n\t\t\t\t<div class=\"elementor-element elementor-element-0791923 e-flex e-con-boxed e-con e-parent\" data-id=\"0791923\" data-element_type=\"container\" data-e-type=\"container\" data-settings=\"{&quot;background_background&quot;:&quot;classic&quot;}\">\n\t\t\t\t\t<div class=\"e-con-inner\">\n\t\t\t\t\t<\/div>\n\t\t\t\t<\/div>\n\t\t<div class=\"elementor-element elementor-element-fe7de8c e-flex e-con-boxed e-con e-parent\" data-id=\"fe7de8c\" data-element_type=\"container\" data-e-type=\"container\" data-settings=\"{&quot;background_background&quot;:&quot;classic&quot;}\">\n\t\t\t\t\t<div class=\"e-con-inner\">\n\t\t\t\t<div class=\"elementor-element elementor-element-c0bf885 elementor-widget-mobile__width-inherit elementor-widget elementor-widget-heading\" data-id=\"c0bf885\" data-element_type=\"widget\" data-e-type=\"widget\" data-widget_type=\"heading.default\">\n\t\t\t\t\t<h1 class=\"elementor-heading-title elementor-size-default\">About us<\/h1>\t\t\t\t<\/div>\n\t\t\t\t<div class=\"elementor-element elementor-element-155de65 elementor-widget-divider--view-line elementor-widget elementor-widget-divider\" data-id=\"155de65\" data-element_type=\"widget\" data-e-type=\"widget\" data-widget_type=\"divider.default\">\n\t\t\t\t\t\t\t<div class=\"elementor-divider\">\n\t\t\t<span class=\"elementor-divider-separator\">\n\t\t\t\t\t\t<\/span>\n\t\t<\/div>\n\t\t\t\t\t\t<\/div>\n\t\t\t\t\t<\/div>\n\t\t\t\t<\/div>\n\t\t<div class=\"elementor-element elementor-element-90e9468 e-flex e-con-boxed e-con e-parent\" data-id=\"90e9468\" data-element_type=\"container\" data-e-type=\"container\" data-settings=\"{&quot;background_background&quot;:&quot;classic&quot;}\">\n\t\t\t\t\t<div class=\"e-con-inner\">\n\t\t<div class=\"elementor-element elementor-element-0a9443a e-con-full e-flex e-con e-child\" data-id=\"0a9443a\" data-element_type=\"container\" data-e-type=\"container\">\n\t\t<div class=\"elementor-element elementor-element-d3cb4f2 e-con-full e-flex e-con e-child\" data-id=\"d3cb4f2\" data-element_type=\"container\" data-e-type=\"container\" data-settings=\"{&quot;background_background&quot;:&quot;classic&quot;}\">\n\t\t\t\t<div class=\"elementor-element elementor-element-6095168 elementor-widget elementor-widget-image\" data-id=\"6095168\" data-element_type=\"widget\" data-e-type=\"widget\" data-widget_type=\"image.default\">\n\t\t\t\t\t\t\t\t\t\t\t\t\t\t\t<img fetchpriority=\"high\" decoding=\"async\" width=\"683\" height=\"1024\" src=\"https:\/\/avocat-zamfir.ro\/wp-content\/uploads\/2026\/03\/Zamfir-Sebastian-683x1024.webp\" class=\"attachment-large size-large wp-image-303\" alt=\"\" srcset=\"https:\/\/avocat-zamfir.ro\/wp-content\/uploads\/2026\/03\/Zamfir-Sebastian-683x1024.webp 683w, https:\/\/avocat-zamfir.ro\/wp-content\/uploads\/2026\/03\/Zamfir-Sebastian-200x300.webp 200w, https:\/\/avocat-zamfir.ro\/wp-content\/uploads\/2026\/03\/Zamfir-Sebastian-768x1152.webp 768w, https:\/\/avocat-zamfir.ro\/wp-content\/uploads\/2026\/03\/Zamfir-Sebastian-1024x1536.webp 1024w, https:\/\/avocat-zamfir.ro\/wp-content\/uploads\/2026\/03\/Zamfir-Sebastian.webp 1200w\" sizes=\"(max-width: 683px) 100vw, 683px\" \/>\t\t\t\t\t\t\t\t\t\t\t\t\t\t\t<\/div>\n\t\t\t\t<\/div>\n\t\t<div class=\"elementor-element elementor-element-18c6e0e e-con-full e-flex e-con e-child\" data-id=\"18c6e0e\" data-element_type=\"container\" data-e-type=\"container\">\n\t\t\t\t<div class=\"elementor-element elementor-element-483ac51 elementor-widget elementor-widget-heading\" data-id=\"483ac51\" data-element_type=\"widget\" data-e-type=\"widget\" data-widget_type=\"heading.default\">\n\t\t\t\t\t<h1 class=\"elementor-heading-title elementor-size-default\">Zamfir Sebastian<\/h1>\t\t\t\t<\/div>\n\t\t\t\t<div class=\"elementor-element elementor-element-7271b27 elementor-widget elementor-widget-heading\" data-id=\"7271b27\" data-element_type=\"widget\" data-e-type=\"widget\" data-widget_type=\"heading.default\">\n\t\t\t\t\t<h2 class=\"elementor-heading-title elementor-size-default\">QUALIFIED LAWYER<\/h2>\t\t\t\t<\/div>\n\t\t\t\t<div class=\"elementor-element elementor-element-1e1243d elementor-widget-divider--view-line elementor-widget elementor-widget-divider\" data-id=\"1e1243d\" data-element_type=\"widget\" data-e-type=\"widget\" data-widget_type=\"divider.default\">\n\t\t\t\t\t\t\t<div class=\"elementor-divider\">\n\t\t\t<span class=\"elementor-divider-separator\">\n\t\t\t\t\t\t<\/span>\n\t\t<\/div>\n\t\t\t\t\t\t<\/div>\n\t\t\t\t<div class=\"elementor-element elementor-element-31cf5fb elementor-widget elementor-widget-spacer\" data-id=\"31cf5fb\" data-element_type=\"widget\" data-e-type=\"widget\" data-widget_type=\"spacer.default\">\n\t\t\t\t\t\t\t<div class=\"elementor-spacer\">\n\t\t\t<div class=\"elementor-spacer-inner\"><\/div>\n\t\t<\/div>\n\t\t\t\t\t\t<\/div>\n\t\t\t\t<div class=\"elementor-element elementor-element-c833d83 elementor-widget elementor-widget-text-editor\" data-id=\"c833d83\" data-element_type=\"widget\" data-e-type=\"widget\" data-widget_type=\"text-editor.default\">\n\t\t\t\t\t\t\t\t\t<p>Lawyer within the Bucharest Bar Association, detail-oriented, with a rigorous and result-oriented approach. The ideas that guide my activity are: transparency in lawyer-customer relationships, promptness in solving the entrusted problems, a thorough legal training and loyalty to customers\u2019 interests. I offer personalized services to both individuals and legal entities, covering both preventive aspects and assistance in the criminal prosecution phase, representation in litigation and contractual negotiation.<\/p>\t\t\t\t\t\t\t\t<\/div>\n\t\t\t\t<div class=\"elementor-element elementor-element-a49df3e elementor-widget elementor-widget-text-editor\" data-id=\"a49df3e\" data-element_type=\"widget\" data-e-type=\"widget\" data-widget_type=\"text-editor.default\">\n\t\t\t\t\t\t\t\t\t<p><strong>AREAS OF PRACTICE:<\/strong> <br \/>CIVIL, CRIMINAL, COMMERCIAL, MEDICAL<\/p>\t\t\t\t\t\t\t\t<\/div>\n\t\t\t\t<div class=\"elementor-element elementor-element-9b06297 elementor-widget elementor-widget-text-editor\" data-id=\"9b06297\" data-element_type=\"widget\" data-e-type=\"widget\" data-widget_type=\"text-editor.default\">\n\t\t\t\t\t\t\t\t\t<p><strong>ACCREDITATIONS:<\/strong> <br \/>Faculty of Law \u2013 Romanian-American University <br \/>Master in Criminal Sciences \u2013 Lucian Blaga University <br \/>Master in Medical Law \u2013 Titu Maiorescu University<\/p>\t\t\t\t\t\t\t\t<\/div>\n\t\t\t\t<\/div>\n\t\t\t\t<\/div>\n\t\t<div class=\"elementor-element elementor-element-7059db0 e-con-full e-flex e-con e-child\" data-id=\"7059db0\" data-element_type=\"container\" data-e-type=\"container\">\n\t\t\t\t<div class=\"elementor-element elementor-element-efb5bc4 elementor-mobile-align-center elementor-align-center elementor-widget elementor-widget-button\" data-id=\"efb5bc4\" data-element_type=\"widget\" data-e-type=\"widget\" data-widget_type=\"button.default\">\n\t\t\t\t\t\t\t\t\t\t<a class=\"elementor-button elementor-button-link elementor-size-sm\" href=\"https:\/\/avocat-zamfir.ro\/en\/contact\/\">\n\t\t\t\t\t\t<span class=\"elementor-button-content-wrapper\">\n\t\t\t\t\t\t\t\t\t<span class=\"elementor-button-text\">Contact Us<\/span>\n\t\t\t\t\t<\/span>\n\t\t\t\t\t<\/a>\n\t\t\t\t\t\t\t\t<\/div>\n\t\t\t\t<\/div>\n\t\t\t\t\t<\/div>\n\t\t\t\t<\/div>\n\t\t<div class=\"elementor-element elementor-element-4add234 e-flex e-con-boxed e-con e-parent\" data-id=\"4add234\" data-element_type=\"container\" data-e-type=\"container\" data-settings=\"{&quot;background_background&quot;:&quot;classic&quot;}\">\n\t\t\t\t\t<div class=\"e-con-inner\">\n\t\t<div class=\"elementor-element elementor-element-b7dce56 e-con-full e-flex e-con e-child\" data-id=\"b7dce56\" data-element_type=\"container\" data-e-type=\"container\">\n\t\t<div class=\"elementor-element elementor-element-9fa26e2 e-con-full e-flex e-con e-child\" data-id=\"9fa26e2\" data-element_type=\"container\" data-e-type=\"container\">\n\t\t\t\t<div class=\"elementor-element elementor-element-a36d60e elementor-widget elementor-widget-heading\" data-id=\"a36d60e\" data-element_type=\"widget\" data-e-type=\"widget\" data-widget_type=\"heading.default\">\n\t\t\t\t\t<h1 class=\"elementor-heading-title elementor-size-default\">Radu Mihai-Alexandru<\/h1>\t\t\t\t<\/div>\n\t\t\t\t<div class=\"elementor-element elementor-element-94f1c72 elementor-widget elementor-widget-heading\" data-id=\"94f1c72\" data-element_type=\"widget\" data-e-type=\"widget\" data-widget_type=\"heading.default\">\n\t\t\t\t\t<h2 class=\"elementor-heading-title elementor-size-default\">ASSOCIATE LAWYER<\/h2>\t\t\t\t<\/div>\n\t\t\t\t<div class=\"elementor-element elementor-element-15a4ba0 elementor-widget-divider--view-line elementor-widget elementor-widget-divider\" data-id=\"15a4ba0\" data-element_type=\"widget\" data-e-type=\"widget\" data-widget_type=\"divider.default\">\n\t\t\t\t\t\t\t<div class=\"elementor-divider\">\n\t\t\t<span class=\"elementor-divider-separator\">\n\t\t\t\t\t\t<\/span>\n\t\t<\/div>\n\t\t\t\t\t\t<\/div>\n\t\t\t\t<div class=\"elementor-element elementor-element-f4b892d elementor-widget elementor-widget-spacer\" data-id=\"f4b892d\" data-element_type=\"widget\" data-e-type=\"widget\" data-widget_type=\"spacer.default\">\n\t\t\t\t\t\t\t<div class=\"elementor-spacer\">\n\t\t\t<div class=\"elementor-spacer-inner\"><\/div>\n\t\t<\/div>\n\t\t\t\t\t\t<\/div>\n\t\t\t\t<div class=\"elementor-element elementor-element-3a33527 elementor-widget elementor-widget-text-editor\" data-id=\"3a33527\" data-element_type=\"widget\" data-e-type=\"widget\" data-widget_type=\"text-editor.default\">\n\t\t\t\t\t\t\t\t\t<p>Graduate of the Faculty of Law of Nicolae Titulescu University in Bucharest. Permanent lawyer, with activity mainly focused on criminal law, contravention law and civil law, with experience in assisting and representing customers in the criminal investigation phase, before the courts, as well as in relation with state institutions.<\/p>\t\t\t\t\t\t\t\t<\/div>\n\t\t\t\t<div class=\"elementor-element elementor-element-f3def1b elementor-widget elementor-widget-text-editor\" data-id=\"f3def1b\" data-element_type=\"widget\" data-e-type=\"widget\" data-widget_type=\"text-editor.default\">\n\t\t\t\t\t\t\t\t\t<p><strong>AREAS OF PRACTICE:<\/strong> <br \/>CIVIL, CRIMINAL, CONTRAVENATIONAL.<\/p>\t\t\t\t\t\t\t\t<\/div>\n\t\t\t\t<div class=\"elementor-element elementor-element-2ac5efd elementor-widget elementor-widget-text-editor\" data-id=\"2ac5efd\" data-element_type=\"widget\" data-e-type=\"widget\" data-widget_type=\"text-editor.default\">\n\t\t\t\t\t\t\t\t\t<p><strong>ACCREDITATIONS:<\/strong> <br \/>Faculty of Law \u2013 Nicolae Titulescu University<br \/>Master in Criminal Sciences \u2013 Nicolae Titulescu University<\/p>\t\t\t\t\t\t\t\t<\/div>\n\t\t\t\t<\/div>\n\t\t<div class=\"elementor-element elementor-element-d392acd e-con-full e-flex e-con e-child\" data-id=\"d392acd\" data-element_type=\"container\" data-e-type=\"container\" data-settings=\"{&quot;background_background&quot;:&quot;classic&quot;}\">\n\t\t\t\t<div class=\"elementor-element elementor-element-8878fd5 elementor-widget elementor-widget-image\" data-id=\"8878fd5\" data-element_type=\"widget\" data-e-type=\"widget\" data-widget_type=\"image.default\">\n\t\t\t\t\t\t\t\t\t\t\t\t\t\t\t<img decoding=\"async\" width=\"682\" height=\"1024\" src=\"https:\/\/avocat-zamfir.ro\/wp-content\/uploads\/2026\/03\/Radu-Mihai-Alexandru-682x1024.webp\" class=\"attachment-large size-large wp-image-356\" alt=\"\" srcset=\"https:\/\/avocat-zamfir.ro\/wp-content\/uploads\/2026\/03\/Radu-Mihai-Alexandru-682x1024.webp 682w, https:\/\/avocat-zamfir.ro\/wp-content\/uploads\/2026\/03\/Radu-Mihai-Alexandru-200x300.webp 200w, https:\/\/avocat-zamfir.ro\/wp-content\/uploads\/2026\/03\/Radu-Mihai-Alexandru-768x1153.webp 768w, https:\/\/avocat-zamfir.ro\/wp-content\/uploads\/2026\/03\/Radu-Mihai-Alexandru-1023x1536.webp 1023w, https:\/\/avocat-zamfir.ro\/wp-content\/uploads\/2026\/03\/Radu-Mihai-Alexandru.webp 1066w\" sizes=\"(max-width: 682px) 100vw, 682px\" \/>\t\t\t\t\t\t\t\t\t\t\t\t\t\t\t<\/div>\n\t\t\t\t<\/div>\n\t\t\t\t<\/div>\n\t\t<div class=\"elementor-element elementor-element-505caf2 e-con-full e-flex e-con e-child\" data-id=\"505caf2\" data-element_type=\"container\" data-e-type=\"container\">\n\t\t\t\t<div class=\"elementor-element elementor-element-544e42d elementor-mobile-align-center elementor-align-center elementor-widget elementor-widget-button\" data-id=\"544e42d\" data-element_type=\"widget\" data-e-type=\"widget\" data-widget_type=\"button.default\">\n\t\t\t\t\t\t\t\t\t\t<a class=\"elementor-button elementor-button-link elementor-size-sm\" href=\"https:\/\/avocat-zamfir.ro\/en\/contact\/\">\n\t\t\t\t\t\t<span class=\"elementor-button-content-wrapper\">\n\t\t\t\t\t\t\t\t\t<span class=\"elementor-button-text\">Contact Us<\/span>\n\t\t\t\t\t<\/span>\n\t\t\t\t\t<\/a>\n\t\t\t\t\t\t\t\t<\/div>\n\t\t\t\t<\/div>\n\t\t\t\t\t<\/div>\n\t\t\t\t<\/div>\n\t\t<div class=\"elementor-element elementor-element-69e3293 e-flex e-con-boxed e-con e-parent\" data-id=\"69e3293\" data-element_type=\"container\" data-e-type=\"container\" data-settings=\"{&quot;background_background&quot;:&quot;gradient&quot;}\">\n\t\t\t\t\t<div class=\"e-con-inner\">\n\t\t<div class=\"elementor-element elementor-element-01b9c69 e-con-full e-flex e-con e-child\" data-id=\"01b9c69\" data-element_type=\"container\" data-e-type=\"container\">\n\t\t\t\t<div class=\"elementor-element elementor-element-73a1331 elementor-widget elementor-widget-heading\" data-id=\"73a1331\" data-element_type=\"widget\" data-e-type=\"widget\" data-widget_type=\"heading.default\">\n\t\t\t\t\t<h3 class=\"elementor-heading-title elementor-size-default\">Contact<\/h3>\t\t\t\t<\/div>\n\t\t\t\t<div class=\"elementor-element elementor-element-85cc93c elementor-widget-divider--view-line elementor-widget elementor-widget-divider\" data-id=\"85cc93c\" data-element_type=\"widget\" data-e-type=\"widget\" data-widget_type=\"divider.default\">\n\t\t\t\t\t\t\t<div class=\"elementor-divider\">\n\t\t\t<span class=\"elementor-divider-separator\">\n\t\t\t\t\t\t<\/span>\n\t\t<\/div>\n\t\t\t\t\t\t<\/div>\n\t\t\t\t<\/div>\n\t\t<div class=\"elementor-element elementor-element-13e1140 e-con-full e-flex e-con e-child\" data-id=\"13e1140\" data-element_type=\"container\" data-e-type=\"container\">\n\t\t<div class=\"elementor-element elementor-element-dc3b9f8 e-con-full e-flex e-con e-child\" data-id=\"dc3b9f8\" data-element_type=\"container\" data-e-type=\"container\">\n\t\t\t\t<div class=\"elementor-element elementor-element-be4b54d elementor-widget elementor-widget-google_maps\" data-id=\"be4b54d\" data-element_type=\"widget\" data-e-type=\"widget\" data-widget_type=\"google_maps.default\">\n\t\t\t\t\t\t\t<div class=\"elementor-custom-embed\">\n\t\t\t<iframe loading=\"lazy\"\n\t\t\t\t\tsrc=\"https:\/\/maps.google.com\/maps?q=Blv.%20Corneliu%20Coposu%2C%20Nr.3%2C%20Bl.101&#038;t=m&#038;z=15&#038;output=embed&#038;iwloc=near\"\n\t\t\t\t\ttitle=\"Blv. Corneliu Coposu, Nr.3, Bl.101\"\n\t\t\t\t\taria-label=\"Blv. Corneliu Coposu, Nr.3, Bl.101\"\n\t\t\t><\/iframe>\n\t\t<\/div>\n\t\t\t\t\t\t<\/div>\n\t\t\t\t<\/div>\n\t\t<div class=\"elementor-element elementor-element-b1d863b e-con-full e-flex e-con e-child\" data-id=\"b1d863b\" data-element_type=\"container\" data-e-type=\"container\">\n\t\t\t\t<div class=\"elementor-element elementor-element-fb379a3 elementor-widget elementor-widget-text-editor\" data-id=\"fb379a3\" data-element_type=\"widget\" data-e-type=\"widget\" data-widget_type=\"text-editor.default\">\n\t\t\t\t\t\t\t\t\t<p><strong>Address<\/strong>: Bd.-ul Corneliu Coposu, Nr.3, Bl.101, Sc. 3, Et.7, Ap.60, Bucure\u0219ti<\/p>\t\t\t\t\t\t\t\t<\/div>\n\t\t\t\t<div class=\"elementor-element elementor-element-979a8f6 elementor-widget elementor-widget-text-editor\" data-id=\"979a8f6\" data-element_type=\"widget\" data-e-type=\"widget\" data-widget_type=\"text-editor.default\">\n\t\t\t\t\t\t\t\t\t<p><strong>Tel<\/strong>: <a href=\"tel:+40746060891\">+40 746 060 891<\/a><br \/><strong>E-mail<\/strong>: <a href=\"mailto:av.zamfirsebastian@gmail.com\">av.zamfirsebastian@gmail.com<\/a><\/p>\t\t\t\t\t\t\t\t<\/div>\n\t\t\t\t<div class=\"elementor-element elementor-element-965d35e elementor-widget elementor-widget-text-editor\" data-id=\"965d35e\" data-element_type=\"widget\" data-e-type=\"widget\" data-widget_type=\"text-editor.default\">\n\t\t\t\t\t\t\t\t\t<p><strong>Working hours<\/strong>: Monday \u2013 Friday: 9:00 \u2013 18:00<br \/><strong>Emergency Schedule<\/strong>: Non-Stop<\/p>\t\t\t\t\t\t\t\t<\/div>\n\t\t\t\t<div class=\"elementor-element elementor-element-bcfb106 elementor-widget elementor-widget-button\" data-id=\"bcfb106\" data-element_type=\"widget\" data-e-type=\"widget\" data-widget_type=\"button.default\">\n\t\t\t\t\t\t\t\t\t\t<a class=\"elementor-button elementor-button-link elementor-size-sm\" href=\"https:\/\/maps.app.goo.gl\/kCiZYypt3fTFpvFy6\" target=\"_blank\" rel=\"noopener\">\n\t\t\t\t\t\t<span class=\"elementor-button-content-wrapper\">\n\t\t\t\t\t\t\t\t\t<span class=\"elementor-button-text\">OB\u021aINE INDICA\u021aII NAVIGARE<\/span>\n\t\t\t\t\t<\/span>\n\t\t\t\t\t<\/a>\n\t\t\t\t\t\t\t\t<\/div>\n\t\t\t\t<\/div>\n\t\t\t\t<\/div>\n\t\t\t\t\t<\/div>\n\t\t\t\t<\/div>\n\t\t\t\t<\/div>","protected":false},"excerpt":{"rendered":"<p>Despre noi Zamfir Sebastian AVOCAT TITULAR Avocat&nbsp; \u00een cadrul Baroului Bucure\u0219ti,&nbsp; orientat spre detalii, cu o abordare riguroas\u0103 \u0219i orientat\u0103 spre rezultat. Ideile dup\u0103 care \u00eemi ghidez activitatea sunt: transparen\u021ba \u00een rela\u021biile avocat-client, promptitudinea \u00een rezolvarea problemelor \u00eencredin\u021bate, o temeinic\u0103 preg\u0103tire juridic\u0103 \u0219i fidelitate intereselor clien\u021bilor. Ofer servicii personalizate at\u00e2t persoanelor fizice, c\u00e2t \u0219i persoanelor [&hellip;]<\/p>\n","protected":false},"author":1,"featured_media":0,"parent":0,"menu_order":0,"comment_status":"closed","ping_status":"closed","template":"","meta":{"footnotes":""},"class_list":["post-278","page","type-page","status-publish","hentry"],"blocksy_meta":[],"_links":{"self":[{"href":"https:\/\/avocat-zamfir.ro\/en\/wp-json\/wp\/v2\/pages\/278","targetHints":{"allow":["GET"]}}],"collection":[{"href":"https:\/\/avocat-zamfir.ro\/en\/wp-json\/wp\/v2\/pages"}],"about":[{"href":"https:\/\/avocat-zamfir.ro\/en\/wp-json\/wp\/v2\/types\/page"}],"author":[{"embeddable":true,"href":"https:\/\/avocat-zamfir.ro\/en\/wp-json\/wp\/v2\/users\/1"}],"replies":[{"embeddable":true,"href":"https:\/\/avocat-zamfir.ro\/en\/wp-json\/wp\/v2\/comments?post=278"}],"version-history":[{"count":40,"href":"https:\/\/avocat-zamfir.ro\/en\/wp-json\/wp\/v2\/pages\/278\/revisions"}],"predecessor-version":[{"id":500,"href":"https:\/\/avocat-zamfir.ro\/en\/wp-json\/wp\/v2\/pages\/278\/revisions\/500"}],"wp:attachment":[{"href":"https:\/\/avocat-zamfir.ro\/en\/wp-json\/wp\/v2\/media?parent=278"}],"curies":[{"name":"wp","href":"https:\/\/api.w.org\/{rel}","templated":true}]}}