{"id":374,"date":"2026-03-04T22:57:57","date_gmt":"2026-03-04T22:57:57","guid":{"rendered":"https:\/\/avocat-zamfir.ro\/?page_id=374"},"modified":"2026-03-10T17:29:01","modified_gmt":"2026-03-10T17:29:01","slug":"drept-medical","status":"publish","type":"page","link":"https:\/\/avocat-zamfir.ro\/en\/drept-medical\/","title":{"rendered":"Medical Law"},"content":{"rendered":"<div data-elementor-type=\"wp-page\" data-elementor-id=\"374\" class=\"elementor elementor-374\" data-elementor-post-type=\"page\">\n\t\t\t\t<div class=\"elementor-element elementor-element-0791923 e-flex e-con-boxed e-con e-parent\" data-id=\"0791923\" data-element_type=\"container\" data-e-type=\"container\" data-settings=\"{&quot;background_background&quot;:&quot;classic&quot;}\">\n\t\t\t\t\t<div class=\"e-con-inner\">\n\t\t\t\t\t<\/div>\n\t\t\t\t<\/div>\n\t\t<div class=\"elementor-element elementor-element-e3ac28a e-flex e-con-boxed e-con e-parent\" data-id=\"e3ac28a\" data-element_type=\"container\" data-e-type=\"container\">\n\t\t\t\t\t<div class=\"e-con-inner\">\n\t\t<div class=\"elementor-element elementor-element-5cf8a54 e-con-full e-flex e-con e-child\" data-id=\"5cf8a54\" data-element_type=\"container\" data-e-type=\"container\">\n\t\t\t\t<div class=\"elementor-element elementor-element-bd80308 elementor-widget elementor-widget-image\" data-id=\"bd80308\" data-element_type=\"widget\" data-e-type=\"widget\" data-widget_type=\"image.default\">\n\t\t\t\t\t\t\t\t\t\t\t\t\t\t\t<img decoding=\"async\" width=\"178\" height=\"178\" src=\"https:\/\/avocat-zamfir.ro\/wp-content\/uploads\/2026\/03\/Icon-Medical.png\" class=\"attachment-large size-large wp-image-379\" alt=\"\" srcset=\"https:\/\/avocat-zamfir.ro\/wp-content\/uploads\/2026\/03\/Icon-Medical.png 178w, https:\/\/avocat-zamfir.ro\/wp-content\/uploads\/2026\/03\/Icon-Medical-150x150.png 150w\" sizes=\"(max-width: 178px) 100vw, 178px\" \/>\t\t\t\t\t\t\t\t\t\t\t\t\t\t\t<\/div>\n\t\t\t\t<\/div>\n\t\t<div class=\"elementor-element elementor-element-9ed6d68 e-con-full e-flex e-con e-child\" data-id=\"9ed6d68\" data-element_type=\"container\" data-e-type=\"container\">\n\t\t\t\t<div class=\"elementor-element elementor-element-e4171ff elementor-widget elementor-widget-heading\" data-id=\"e4171ff\" data-element_type=\"widget\" data-e-type=\"widget\" data-widget_type=\"heading.default\">\n\t\t\t\t\t<h1 class=\"elementor-heading-title elementor-size-default\">AREAS OF PRACTICE<\/h1>\t\t\t\t<\/div>\n\t\t\t\t<div class=\"elementor-element elementor-element-2bf135b elementor-widget-divider--view-line elementor-widget elementor-widget-divider\" data-id=\"2bf135b\" data-element_type=\"widget\" data-e-type=\"widget\" data-widget_type=\"divider.default\">\n\t\t\t\t\t\t\t<div class=\"elementor-divider\">\n\t\t\t<span class=\"elementor-divider-separator\">\n\t\t\t\t\t\t<\/span>\n\t\t<\/div>\n\t\t\t\t\t\t<\/div>\n\t\t\t\t<div class=\"elementor-element elementor-element-0889f17 elementor-widget elementor-widget-heading\" data-id=\"0889f17\" data-element_type=\"widget\" data-e-type=\"widget\" data-widget_type=\"heading.default\">\n\t\t\t\t\t<h2 class=\"elementor-heading-title elementor-size-default\">Medical Law<\/h2>\t\t\t\t<\/div>\n\t\t\t\t<\/div>\n\t\t\t\t\t<\/div>\n\t\t\t\t<\/div>\n\t\t<div class=\"elementor-element elementor-element-bc46624 e-flex e-con-boxed e-con e-parent\" data-id=\"bc46624\" data-element_type=\"container\" data-e-type=\"container\">\n\t\t\t\t\t<div class=\"e-con-inner\">\n\t\t\t\t<div class=\"elementor-element elementor-element-9000953 elementor-widget__width-initial elementor-widget-mobile__width-inherit elementor-widget elementor-widget-text-editor\" data-id=\"9000953\" data-element_type=\"widget\" data-e-type=\"widget\" data-widget_type=\"text-editor.default\">\n\t\t\t\t\t\t\t\t\t<p>With the advent of medical reform, by means of Law 95\/2006, the responsibility of medical professionals received its own regulation. Based on the Medical Reform and related legislation, medical professionals can be held liable for civil, criminal or disciplinary reasons, with penalties ranging from a simple warning to a ban on practicing the profession or, as the case may be, their conviction.<\/p><p>Liability may be committed to the extent that the medical act is not performed in compliance with professional standards, ethical and deontological norms specific to the field or in the situation where the medical staff has committed an act provided by the criminal law.<\/p><p>However, a careful and objective analysis of the existence of a direct causal link between the damage claimed by the injured person and the medical act or treatment, as well as the determination of their classification within the scope of foreseeable adverse effects or symptomatic manifestations inherent in medical procedures or treatments, is necessary, to avoid the risk of significant unsubstantiated consequences on the image and reputation of health professionals.<\/p>\t\t\t\t\t\t\t\t<\/div>\n\t\t\t\t<div class=\"elementor-element elementor-element-a4255f9 elementor-widget-divider--view-line elementor-widget elementor-widget-divider\" data-id=\"a4255f9\" data-element_type=\"widget\" data-e-type=\"widget\" data-widget_type=\"divider.default\">\n\t\t\t\t\t\t\t<div class=\"elementor-divider\">\n\t\t\t<span class=\"elementor-divider-separator\">\n\t\t\t\t\t\t<\/span>\n\t\t<\/div>\n\t\t\t\t\t\t<\/div>\n\t\t\t\t<div class=\"elementor-element elementor-element-8ae5c93 elementor-widget elementor-widget-heading\" data-id=\"8ae5c93\" data-element_type=\"widget\" data-e-type=\"widget\" data-widget_type=\"heading.default\">\n\t\t\t\t\t<h3 class=\"elementor-heading-title elementor-size-default\">SERVICES<\/h3>\t\t\t\t<\/div>\n\t\t\t\t<div class=\"elementor-element elementor-element-b6bbf9f elementor-widget__width-initial elementor-widget-mobile__width-inherit elementor-widget elementor-widget-text-editor\" data-id=\"b6bbf9f\" data-element_type=\"widget\" data-e-type=\"widget\" data-widget_type=\"text-editor.default\">\n\t\t\t\t\t\t\t\t\t<div>Thus, defending your rights and interests, as an injured person or healthcare professional, is a priority for us, so that we can assist you by:<\/div>\n<div style=\"padding-left: 40px;\"><strong>\u2013  Providing advice on reaching an informed agreement<\/strong><\/div>\n<div style=\"padding-left: 40px;\"><strong>\u2013  Legal consultations<\/strong><\/div>\n<div style=\"padding-left: 40px;\"><strong>\u2013  Elaboration and drafting of complaints addressed to the College of Physicians and to the Superior Commission of Physicians<\/strong><\/div>\n<div style=\"padding-left: 40px;\"><strong>\u2013  Drafting, assistance and representation in civil actions regarding the award of compensation for moral and material damages<\/strong><\/div>\n<div style=\"padding-left: 40px;\"><strong>\u2013  Assistance and representation in civil and criminal proceedings concerning the liability of medical personnel or medical units.<\/strong><\/div>\n<div style=\"padding-left: 40px;\"><strong>\u2013  Legal management and analysis of business relations regarding suppliers, rental contracts, service contracts, etc.<\/strong><\/div>\t\t\t\t\t\t\t\t<\/div>\n\t\t\t\t<div class=\"elementor-element elementor-element-9e5af60 elementor-widget elementor-widget-spacer\" data-id=\"9e5af60\" data-element_type=\"widget\" data-e-type=\"widget\" data-widget_type=\"spacer.default\">\n\t\t\t\t\t\t\t<div class=\"elementor-spacer\">\n\t\t\t<div class=\"elementor-spacer-inner\"><\/div>\n\t\t<\/div>\n\t\t\t\t\t\t<\/div>\n\t\t\t\t<div class=\"elementor-element elementor-element-fc7e914 elementor-invisible elementor-widget elementor-widget-button\" data-id=\"fc7e914\" data-element_type=\"widget\" data-e-type=\"widget\" data-settings=\"{&quot;_animation&quot;:&quot;fadeIn&quot;,&quot;_animation_delay&quot;:1000}\" data-widget_type=\"button.default\">\n\t\t\t\t\t\t\t\t\t\t<a class=\"elementor-button elementor-button-link elementor-size-sm\" href=\"https:\/\/avocat-zamfir.ro\/en\/contact\/\">\n\t\t\t\t\t\t<span class=\"elementor-button-content-wrapper\">\n\t\t\t\t\t\t\t\t\t<span class=\"elementor-button-text\">Schedule an appointment<\/span>\n\t\t\t\t\t<\/span>\n\t\t\t\t\t<\/a>\n\t\t\t\t\t\t\t\t<\/div>\n\t\t\t\t\t<\/div>\n\t\t\t\t<\/div>\n\t\t<div class=\"elementor-element elementor-element-69e3293 e-flex e-con-boxed e-con e-parent\" data-id=\"69e3293\" data-element_type=\"container\" data-e-type=\"container\" data-settings=\"{&quot;background_background&quot;:&quot;gradient&quot;}\">\n\t\t\t\t\t<div class=\"e-con-inner\">\n\t\t<div class=\"elementor-element elementor-element-01b9c69 e-con-full e-flex e-con e-child\" data-id=\"01b9c69\" data-element_type=\"container\" data-e-type=\"container\">\n\t\t\t\t<div class=\"elementor-element elementor-element-73a1331 elementor-widget elementor-widget-heading\" data-id=\"73a1331\" data-element_type=\"widget\" data-e-type=\"widget\" data-widget_type=\"heading.default\">\n\t\t\t\t\t<h3 class=\"elementor-heading-title elementor-size-default\">Contact<\/h3>\t\t\t\t<\/div>\n\t\t\t\t<div class=\"elementor-element elementor-element-85cc93c elementor-widget-divider--view-line elementor-widget elementor-widget-divider\" data-id=\"85cc93c\" data-element_type=\"widget\" data-e-type=\"widget\" data-widget_type=\"divider.default\">\n\t\t\t\t\t\t\t<div class=\"elementor-divider\">\n\t\t\t<span class=\"elementor-divider-separator\">\n\t\t\t\t\t\t<\/span>\n\t\t<\/div>\n\t\t\t\t\t\t<\/div>\n\t\t\t\t<\/div>\n\t\t<div class=\"elementor-element elementor-element-13e1140 e-con-full e-flex e-con e-child\" data-id=\"13e1140\" data-element_type=\"container\" data-e-type=\"container\">\n\t\t<div class=\"elementor-element elementor-element-dc3b9f8 e-con-full e-flex e-con e-child\" data-id=\"dc3b9f8\" data-element_type=\"container\" data-e-type=\"container\">\n\t\t\t\t<div class=\"elementor-element elementor-element-be4b54d elementor-widget elementor-widget-google_maps\" data-id=\"be4b54d\" data-element_type=\"widget\" data-e-type=\"widget\" data-widget_type=\"google_maps.default\">\n\t\t\t\t\t\t\t<div class=\"elementor-custom-embed\">\n\t\t\t<iframe loading=\"lazy\"\n\t\t\t\t\tsrc=\"https:\/\/maps.google.com\/maps?q=Blv.%20Corneliu%20Coposu%2C%20Nr.3%2C%20Bl.101&#038;t=m&#038;z=15&#038;output=embed&#038;iwloc=near\"\n\t\t\t\t\ttitle=\"Blv. Corneliu Coposu, Nr.3, Bl.101\"\n\t\t\t\t\taria-label=\"Blv. Corneliu Coposu, Nr.3, Bl.101\"\n\t\t\t><\/iframe>\n\t\t<\/div>\n\t\t\t\t\t\t<\/div>\n\t\t\t\t<\/div>\n\t\t<div class=\"elementor-element elementor-element-b1d863b e-con-full e-flex e-con e-child\" data-id=\"b1d863b\" data-element_type=\"container\" data-e-type=\"container\">\n\t\t\t\t<div class=\"elementor-element elementor-element-fb379a3 elementor-widget elementor-widget-text-editor\" data-id=\"fb379a3\" data-element_type=\"widget\" data-e-type=\"widget\" data-widget_type=\"text-editor.default\">\n\t\t\t\t\t\t\t\t\t<p><strong>Address<\/strong>: Bd.-ul Corneliu Coposu, Nr.3, Bl.101, Sc. 3, Et.7, Ap.60, Bucure\u0219ti<\/p>\t\t\t\t\t\t\t\t<\/div>\n\t\t\t\t<div class=\"elementor-element elementor-element-979a8f6 elementor-widget elementor-widget-text-editor\" data-id=\"979a8f6\" data-element_type=\"widget\" data-e-type=\"widget\" data-widget_type=\"text-editor.default\">\n\t\t\t\t\t\t\t\t\t<p><strong>Tel<\/strong>: <a href=\"tel:+40746060891\">+40 746 060 891<\/a><br \/><strong>E-mail<\/strong>: <a href=\"mailto:av.zamfirsebastian@gmail.com\">av.zamfirsebastian@gmail.com<\/a><\/p>\t\t\t\t\t\t\t\t<\/div>\n\t\t\t\t<div class=\"elementor-element elementor-element-965d35e elementor-widget elementor-widget-text-editor\" data-id=\"965d35e\" data-element_type=\"widget\" data-e-type=\"widget\" data-widget_type=\"text-editor.default\">\n\t\t\t\t\t\t\t\t\t<p><strong>Working hours<\/strong>: Monday \u2013 Friday: 9:00 \u2013 18:00<br \/><strong>Emergency Schedule<\/strong>: Non-Stop<\/p>\t\t\t\t\t\t\t\t<\/div>\n\t\t\t\t<div class=\"elementor-element elementor-element-bcfb106 elementor-widget elementor-widget-button\" data-id=\"bcfb106\" data-element_type=\"widget\" data-e-type=\"widget\" data-widget_type=\"button.default\">\n\t\t\t\t\t\t\t\t\t\t<a class=\"elementor-button elementor-button-link elementor-size-sm\" href=\"https:\/\/maps.app.goo.gl\/kCiZYypt3fTFpvFy6\" target=\"_blank\" rel=\"noopener\">\n\t\t\t\t\t\t<span class=\"elementor-button-content-wrapper\">\n\t\t\t\t\t\t\t\t\t<span class=\"elementor-button-text\">OB\u021aINE INDICA\u021aII NAVIGARE<\/span>\n\t\t\t\t\t<\/span>\n\t\t\t\t\t<\/a>\n\t\t\t\t\t\t\t\t<\/div>\n\t\t\t\t<\/div>\n\t\t\t\t<\/div>\n\t\t\t\t\t<\/div>\n\t\t\t\t<\/div>\n\t\t\t\t<\/div>","protected":false},"excerpt":{"rendered":"<p>Arii de practic\u0103 Drept Medical Odat\u0103 cu apari\u021bia reformei medicale, prin intermediul legii 95\/2006, r\u0103spunderea cadrelor medicale a primit o reglementare proprie. \u00cen baza Reformei Medicale \u0219i a legisla\u021biei conexe, cadrele medicale pot fi trase la r\u0103spundere civil\u0103, penal\u0103 sau disciplinar\u0103, sanc\u021biunile variind de la un simplu avertisment p\u00e2n\u0103 la interdic\u021bia de a mai exercita [&hellip;]<\/p>\n","protected":false},"author":1,"featured_media":0,"parent":0,"menu_order":0,"comment_status":"closed","ping_status":"closed","template":"","meta":{"footnotes":""},"class_list":["post-374","page","type-page","status-publish","hentry"],"blocksy_meta":[],"_links":{"self":[{"href":"https:\/\/avocat-zamfir.ro\/en\/wp-json\/wp\/v2\/pages\/374","targetHints":{"allow":["GET"]}}],"collection":[{"href":"https:\/\/avocat-zamfir.ro\/en\/wp-json\/wp\/v2\/pages"}],"about":[{"href":"https:\/\/avocat-zamfir.ro\/en\/wp-json\/wp\/v2\/types\/page"}],"author":[{"embeddable":true,"href":"https:\/\/avocat-zamfir.ro\/en\/wp-json\/wp\/v2\/users\/1"}],"replies":[{"embeddable":true,"href":"https:\/\/avocat-zamfir.ro\/en\/wp-json\/wp\/v2\/comments?post=374"}],"version-history":[{"count":22,"href":"https:\/\/avocat-zamfir.ro\/en\/wp-json\/wp\/v2\/pages\/374\/revisions"}],"predecessor-version":[{"id":545,"href":"https:\/\/avocat-zamfir.ro\/en\/wp-json\/wp\/v2\/pages\/374\/revisions\/545"}],"wp:attachment":[{"href":"https:\/\/avocat-zamfir.ro\/en\/wp-json\/wp\/v2\/media?parent=374"}],"curies":[{"name":"wp","href":"https:\/\/api.w.org\/{rel}","templated":true}]}}