{"id":455,"date":"2026-03-06T13:42:30","date_gmt":"2026-03-06T13:42:30","guid":{"rendered":"https:\/\/avocat-zamfir.ro\/?page_id=455"},"modified":"2026-03-06T15:34:10","modified_gmt":"2026-03-06T15:34:10","slug":"termeni-si-conditii","status":"publish","type":"page","link":"https:\/\/avocat-zamfir.ro\/en\/termeni-si-conditii\/","title":{"rendered":"Termeni si conditii"},"content":{"rendered":"<div data-elementor-type=\"wp-page\" data-elementor-id=\"455\" class=\"elementor elementor-455\" data-elementor-post-type=\"page\">\n\t\t\t\t<div class=\"elementor-element elementor-element-0791923 e-flex e-con-boxed e-con e-parent\" data-id=\"0791923\" data-element_type=\"container\" data-e-type=\"container\" data-settings=\"{&quot;background_background&quot;:&quot;classic&quot;}\">\n\t\t\t\t\t<div class=\"e-con-inner\">\n\t\t\t\t\t<\/div>\n\t\t\t\t<\/div>\n\t\t<div class=\"elementor-element elementor-element-ce508a7 e-flex e-con-boxed e-con e-parent\" data-id=\"ce508a7\" data-element_type=\"container\" data-e-type=\"container\" data-settings=\"{&quot;background_background&quot;:&quot;classic&quot;}\">\n\t\t\t\t\t<div class=\"e-con-inner\">\n\t\t\t\t<div class=\"elementor-element elementor-element-5f51cb0 elementor-widget-mobile__width-inherit elementor-widget elementor-widget-heading\" data-id=\"5f51cb0\" data-element_type=\"widget\" data-e-type=\"widget\" data-widget_type=\"heading.default\">\n\t\t\t\t\t<h1 class=\"elementor-heading-title elementor-size-default\">TERMS AND CONDITIONS<\/h1>\t\t\t\t<\/div>\n\t\t\t\t<div class=\"elementor-element elementor-element-eb3ad78 elementor-widget-divider--view-line elementor-widget elementor-widget-divider\" data-id=\"eb3ad78\" data-element_type=\"widget\" data-e-type=\"widget\" data-widget_type=\"divider.default\">\n\t\t\t\t\t\t\t<div class=\"elementor-divider\">\n\t\t\t<span class=\"elementor-divider-separator\">\n\t\t\t\t\t\t<\/span>\n\t\t<\/div>\n\t\t\t\t\t\t<\/div>\n\t\t\t\t\t<\/div>\n\t\t\t\t<\/div>\n\t\t<div class=\"elementor-element elementor-element-dd28ef4 e-flex e-con-boxed e-con e-parent\" data-id=\"dd28ef4\" data-element_type=\"container\" data-e-type=\"container\" data-settings=\"{&quot;background_background&quot;:&quot;classic&quot;}\">\n\t\t\t\t\t<div class=\"e-con-inner\">\n\t\t<div class=\"elementor-element elementor-element-fed37af e-con-full e-flex e-con e-child\" data-id=\"fed37af\" data-element_type=\"container\" data-e-type=\"container\" data-settings=\"{&quot;background_background&quot;:&quot;classic&quot;}\">\n\t\t\t\t<div class=\"elementor-element elementor-element-755e32f elementor-widget elementor-widget-text-editor\" data-id=\"755e32f\" data-element_type=\"widget\" data-e-type=\"widget\" data-widget_type=\"text-editor.default\">\n\t\t\t\t\t\t\t\t\t<p><strong><u>Terms and Conditions<\/u><\/strong><\/p>\n<p>These Terms and Conditions (\u201cTerms\u201d) govern the use of the website www.avocat-zamfir.ro, operated by Zamfir Sebastian \u2014 Law Office, headquartered in Bucharest sector 3, Bd. Corneliu Coposu nr. 3, bl.101, et. 7, ap. 60, having TAX ID No. 49004218, e-mail address av.zamfirsebastian@gmail.com.<\/p>\n<ol>\n<li><strong><u>Parties and acceptance<\/u><\/strong><\/li>\n<\/ol>\n<ul>\n<li>Access to and use of the website implies full and unconditional acceptance of these \u201cTerms and Conditions\u201d. If you do not fully and unconditionally accept the Terms and Conditions, please leave the site.<\/li>\n<li>The term website (www.avocat-zamfir.ro, operated by Zamfir Sebastian Law Office) refers to the entirety of: texts, graphic elements and color or shade, information provided, photographs, as well as any other information contained or inserted regardless of their nature or type.<\/li>\n<\/ul>\n<ol>\n<li><strong><u>Definitions<\/u><\/strong><\/li>\n<\/ol>\n<ul>\n<li>Use of the website means accessing, browsing, reading, analyzing, or filling out existing forms.<\/li>\n<li>The term \u201cUser\u201d means any natural or legal person who accesses the website, regardless of the way in which they do so, or the platform they use.<\/li>\n<li>The User undertakes to use the website in accordance with law and good faith, not to perform illegal activities, not to distribute harmful content, spam, malware or materials that violate the rights of third parties.<\/li>\n<\/ul>\n<ol start=\"2\">\n<li><strong>Intellectual property<\/strong><\/li>\n<\/ol>\n<ul>\n<li>All intellectual property rights in the website, design, texts, images, colors, the logos, fonts belong to Zamfir Sebastian \u2014 Law Office.<\/li>\n<li>By using the website you agree that you will not use\/distribute the website content in any way, unless you have the prior written agreement of the website owner.<\/li>\n<li>Access and use of the website <a href=\"https:\/\/avocat-zamfir.ro\/en\/\">avocat-zamfir.ro<\/a> is for personal purposes only.<\/li>\n<\/ul>\n<ol start=\"3\">\n<li><strong>Personal Data Protection (GDPR)<\/strong><\/li>\n<\/ol>\n<ul>\n<li>The data processing is carried out in accordance with Regulation (EU) 2016\/679 (GDPR) and the national legislation in force. For more details please access the GDPR Regulation.<\/li>\n<li>If you access the website and use the heading on the contact subpage, by default you agree to the processing of your personal data, in accordance with the provisions laid down in Regulation (EU) 2016\/679 (GDPR).<\/li>\n<li>For any kind of complaints, in connection with the exercise, violation or obstruction of the exercise of your rights, please contact: av.zamfirsebastian@gmail.com.<\/li>\n<li>The User has the right to notify the National Supervisory Authority for Personal Data Processing.<\/li>\n<\/ul>\n<ol start=\"4\">\n<li><strong><u>COOKIES AND SIMILAR TECHNOLOGIES <\/u><\/strong><\/li>\n<\/ol>\n<ul>\n<li>The website uses cookies for operation, analysis and advertising. Details and consent options are in our Privacy Policy.<\/li>\n<\/ul>\n<ol start=\"5\">\n<li><strong>Special Disclaimer Clauses<\/strong><\/li>\n<\/ol>\n<ul>\n<li>The website avocat-zamfir.ro may contain links to some third-party websites. The Operator is not responsible for their services, content, policies, availability or practices.<\/li>\n<li>Although we have intended and wish for the website to function ideally and be updated to date, this website does not assume responsibility for any technical problems, the website\u2019s non-functionality, the accuracy of the data, information or content contained therein. In this regard, by accessing or using the website, the \u201cUser\u201d confirms that he has become aware of this fact and expresses his\/her express and unequivocal consent to use the website under such conditions.<\/li>\n<\/ul>\n<ol start=\"6\">\n<li><strong>Modification of Terms<\/strong><\/li>\n<\/ol>\n<ul>\n<li>Zamfir Sebatian \u2014 Law Office reserves the right to amend the Terms and Conditions, any amendment thereof having effect from the date on which they were published on this website.<\/li>\n<\/ul>\n<ol start=\"7\">\n<li><strong>Applicable law and dispute resolution.<\/strong><\/li>\n<\/ol>\n<ul>\n<li>These Terms and Conditions are governed by Romanian law and any dispute shall be settled amicably. In the event that the dispute cannot be settled amicably, it shall be addressed and settled by the competent courts in Romania.<\/li>\n<\/ul>\n<ol start=\"8\">\n<li><strong>Communications and contact details <\/strong><\/li>\n<\/ol>\n<ul>\n<li>If you have any questions, complaints or wish to exercise your rights, please do not hesitate to contact us at the email address: office@avocat-zamfir.ro.<\/li>\n<li>If you fill in the necessary information in the fields on the \u201cContact\u201d page of the website avocat-zamfir.ro, you will be contacted as soon as possible by a lawyer, at the e-mail address or telephone number provided, with a proposal to resolve the dispute, in which context you will be informed of the estimated duration of the legal procedure, as well as the amount of the fee related to it.<\/li>\n<li>By filling in the fields, you express your consent to be contacted through one or more of the contact methods provided by you, in connection with the legal situation submitted.<\/li>\n<li>The lawyer-customer relationship arises only after the serious, free and informed consent of both parties involved, an agreement that will be followed, mandatorily, by the signing of a Legal Assistance Contract.<\/li>\n<li>However, all information provided is subject to Law 51\/1995 and the Statute of the Lawyer\u2019s Profession, so that it will be kept confidential, even if a Legal Assistance Contract is not signed, professional secrecy being opposable <em>erga omnes<\/em>, including to judicial bodies.<\/li>\n<\/ul>\n<ol start=\"9\">\n<li><strong>Final provisions <\/strong><\/li>\n<\/ol>\n<ul>\n<li>If a clause in these Terms and Conditions is found to be null or void, the other terms remain valid.<\/li>\n<li>The version of these Terms published on the website at the date of use is the one valid.<\/li>\n<\/ul>\t\t\t\t\t\t\t\t<\/div>\n\t\t\t\t<\/div>\n\t\t\t\t\t<\/div>\n\t\t\t\t<\/div>\n\t\t\t\t<\/div>","protected":false},"excerpt":{"rendered":"<p>Termeni si condi\u021bii Termeni \u0219i condi\u021bii Prezentele Termeni \u0219i Condi\u021bii (\u201eTermeni\u201d) reglementeaz\u0103 utilizarea site-ului www.avocat-zamfir.ro , operat de Zamfir Sebastian \u2014 Cabinet de Avocat, cu sediul \u00een Bucure\u0219ti Sector 3, Bd. Corneliu Coposu nr.3, bl.101, et.7, ap.60, av\u00e2nd CIF 49004218, adres\u0103 de coresponden\u021b\u0103 electronic\u0103 av.zamfirsebastian@gmail.com. P\u0103r\u021bi \u0219i acceptare Accesul \u0219i utilizarea site-ului implic\u0103 acceptarea total\u0103 [&hellip;]<\/p>\n","protected":false},"author":1,"featured_media":0,"parent":0,"menu_order":0,"comment_status":"closed","ping_status":"closed","template":"","meta":{"footnotes":""},"class_list":["post-455","page","type-page","status-publish","hentry"],"blocksy_meta":[],"_links":{"self":[{"href":"https:\/\/avocat-zamfir.ro\/en\/wp-json\/wp\/v2\/pages\/455","targetHints":{"allow":["GET"]}}],"collection":[{"href":"https:\/\/avocat-zamfir.ro\/en\/wp-json\/wp\/v2\/pages"}],"about":[{"href":"https:\/\/avocat-zamfir.ro\/en\/wp-json\/wp\/v2\/types\/page"}],"author":[{"embeddable":true,"href":"https:\/\/avocat-zamfir.ro\/en\/wp-json\/wp\/v2\/users\/1"}],"replies":[{"embeddable":true,"href":"https:\/\/avocat-zamfir.ro\/en\/wp-json\/wp\/v2\/comments?post=455"}],"version-history":[{"count":7,"href":"https:\/\/avocat-zamfir.ro\/en\/wp-json\/wp\/v2\/pages\/455\/revisions"}],"predecessor-version":[{"id":514,"href":"https:\/\/avocat-zamfir.ro\/en\/wp-json\/wp\/v2\/pages\/455\/revisions\/514"}],"wp:attachment":[{"href":"https:\/\/avocat-zamfir.ro\/en\/wp-json\/wp\/v2\/media?parent=455"}],"curies":[{"name":"wp","href":"https:\/\/api.w.org\/{rel}","templated":true}]}}